{"id":1279,"date":"2018-07-09T11:07:42","date_gmt":"2018-07-09T09:07:42","guid":{"rendered":"http:\/\/vollspannradio.bplaced.net\/Wordpress\/?page_id=1279"},"modified":"2018-07-15T21:56:02","modified_gmt":"2018-07-15T19:56:02","slug":"beef-mit-feed","status":"publish","type":"page","link":"http:\/\/vollspannradio.bplaced.net\/Wordpress\/beef-mit-feed\/","title":{"rendered":"Beef mit Feed"},"content":{"rendered":"<p><span style=\"font-family: courier new, courier, monospace; font-size: 14pt;\">Dieser Text richtet sich insbesondere an diejenigen Vollspannradioh\u00f6rer unter euch, die den von Apple vorinstallierten Podcatcher Podcasts nutzen.<\/span><\/p>\n<p><span style=\"font-family: courier new, courier, monospace; font-size: 14pt;\">Kennt ihr das, hattet ihr in der Vergangenheit auch mal Beef mit Feed? Ich meine, was tun, wenn der RSS Feed und iTunes nicht so harmonieren wie sie es eigentlich tun k\u00f6nnten. Abhilfe schaffen, schnellstm\u00f6glich.<\/span><br \/>\n<span style=\"font-family: courier new, courier, monospace; font-size: 14pt;\">Nun bei mir hat es eine Weile gedauert, aber dann war ich es leid, dass zwar in anderen Podcatchern wie z.B overcast die Kaptelmarken meiner Episoden problemlos angezeigt werden, dass saber der von Apple vorinstallierte Podcatcher Podcasts diese Kapitelmarken stur ignoriert.<\/span><br \/>\n<span style=\"font-family: courier new, courier, monospace; font-size: 14pt;\">Pers\u00f6nlich nutze ich eh am liebsten Overcast, gehe aber davon aus, dass der Podcatcher von Apple nach wie vor stark genutzt wird, einfach weil er bereits vorinstalliert ist. Schade also dann f\u00fcr alle, die nicht im Podcast per Kapitelmarken springen k\u00f6nnen.<\/span><br \/>\n<span style=\"font-family: courier new, courier, monospace; font-size: 14pt;\">Aktuell denke ich eine L\u00f6sung gefunden zu haben:<\/span><br \/>\n<span style=\"font-family: courier new, courier, monospace; font-size: 14pt;\">Es gibt jetzt einen zweiten RSS Feed f\u00fcr das Vollspannradio.<\/span><br \/>\n<span style=\"font-family: courier new, courier, monospace; font-size: 14pt;\">Sucht ihr also in der Podcatcher App Podcasts von Apple nach dem Podcast Vollspannradio, um diesen z.B. zu abonnieren oder eine Rezension oder Bewertung abzugeben, werden k\u00fcnftig zwei Icons von iTunes angezeigt.<\/span><\/p>\n<p><span style=\"font-family: courier new, courier, monospace; font-size: 14pt;\"><a href=\"http:\/\/vollspannradio.bplaced.net\/Wordpress\/wp-content\/uploads\/2017\/01\/logo2.png\"><img loading=\"lazy\" decoding=\"async\" class=\"alignleft size-medium wp-image-1270\" src=\"http:\/\/vollspannradio.bplaced.net\/Wordpress\/wp-content\/uploads\/2017\/01\/logo2-300x300.png\" alt=\"\" width=\"300\" height=\"300\" srcset=\"http:\/\/vollspannradio.bplaced.net\/Wordpress\/wp-content\/uploads\/2017\/01\/logo2-300x300.png 300w, http:\/\/vollspannradio.bplaced.net\/Wordpress\/wp-content\/uploads\/2017\/01\/logo2-150x150.png 150w, http:\/\/vollspannradio.bplaced.net\/Wordpress\/wp-content\/uploads\/2017\/01\/logo2-768x768.png 768w, http:\/\/vollspannradio.bplaced.net\/Wordpress\/wp-content\/uploads\/2017\/01\/logo2-1024x1024.png 1024w, http:\/\/vollspannradio.bplaced.net\/Wordpress\/wp-content\/uploads\/2017\/01\/logo2.png 1400w\" sizes=\"auto, (max-width: 300px) 100vw, 300px\" \/><\/a><\/span><\/p>\n<p>&nbsp;<\/p>\n<p>&nbsp;<\/p>\n<p>&nbsp;<\/p>\n<p>&nbsp;<\/p>\n<p>&nbsp;<\/p>\n<p>&nbsp;<\/p>\n<p>&nbsp;<\/p>\n<p><span style=\"font-family: courier new, courier, monospace; font-size: 14pt;\"><a href=\"http:\/\/feeds.feedburner.com\/vollspannradio\" target=\"_blank\" rel=\"noopener\">Link zum mp3-Feed<\/a><\/span><\/p>\n<p>&nbsp;<\/p>\n<p>&nbsp;<\/p>\n<p>&nbsp;<\/p>\n<p><span style=\"font-family: courier new, courier, monospace; font-size: 14pt;\"><a href=\"http:\/\/vollspannradio.bplaced.net\/Wordpress\/wp-content\/uploads\/2017\/01\/logo2m4a.jpg\"><img loading=\"lazy\" decoding=\"async\" class=\"alignleft size-medium wp-image-1248\" src=\"http:\/\/vollspannradio.bplaced.net\/Wordpress\/wp-content\/uploads\/2017\/01\/logo2m4a-300x300.jpg\" alt=\"\" width=\"300\" height=\"300\" srcset=\"http:\/\/vollspannradio.bplaced.net\/Wordpress\/wp-content\/uploads\/2017\/01\/logo2m4a-300x300.jpg 300w, http:\/\/vollspannradio.bplaced.net\/Wordpress\/wp-content\/uploads\/2017\/01\/logo2m4a-150x150.jpg 150w, http:\/\/vollspannradio.bplaced.net\/Wordpress\/wp-content\/uploads\/2017\/01\/logo2m4a-768x768.jpg 768w, http:\/\/vollspannradio.bplaced.net\/Wordpress\/wp-content\/uploads\/2017\/01\/logo2m4a-1024x1024.jpg 1024w, http:\/\/vollspannradio.bplaced.net\/Wordpress\/wp-content\/uploads\/2017\/01\/logo2m4a.jpg 1400w\" sizes=\"auto, (max-width: 300px) 100vw, 300px\" \/><\/a><\/span><\/p>\n<p>&nbsp;<\/p>\n<p>&nbsp;<\/p>\n<p>&nbsp;<\/p>\n<p>&nbsp;<\/p>\n<p>&nbsp;<\/p>\n<p>&nbsp;<\/p>\n<p>&nbsp;<\/p>\n<p><span style=\"font-family: courier new, courier, monospace; font-size: 14pt;\"><a href=\"http:\/\/feeds.feedburner.com\/soundcloud\/vsr\/m4a\" target=\"_blank\" rel=\"noopener\">Link zum m4a-Feed<\/a><\/span><\/p>\n<p>&nbsp;<\/p>\n<p>&nbsp;<\/p>\n<p>&nbsp;<\/p>\n<p><span style=\"font-family: courier new, courier, monospace; font-size: 14pt;\">Beide Icons sehen auf den ersten Blick identisch aus. Auf einem dieser Icons findet ihr oben rechts in wei\u00dfer Schrift jedoch eine Kennzeichnung &#8222;m4a&#8220;. Dort in diesem m4a. feed werden euch in der Regel nur die zuletzt ver\u00f6ffentlichten Episoden angezeigt. Abonniert ihr diesen mit &#8222;m4a&#8220; gekennzeichneten Feed mit der von Apple integrierten Podcast App &#8222;Podcasts&#8220;, werden euch zur Belohnung die Kapitelmarken angezeigt, sofern in der jeweiligen Episode welche erstellt wurden.<\/span><\/p>\n<p><span style=\"font-family: courier new, courier, monospace; font-size: 14pt;\">Falls ihr an fr\u00fcheren Episoden interessiert seid, die nicht mehr in diesem &#8222;m4a&#8220;-Feed auftauchen, so schaut bitte auf der Website vorbei, besucht das Vollspannradio bei youtube oder abonniert ganz einfach den anderen Feed, indem ihr auf das Icon ohne &#8222;m4a&#8220;-Kennzeichnung klickt. Dort stehen s\u00e4mtliche, bisher ver\u00f6ffentlichte Episoden des Vollspannradios f\u00fcr euch kostenfrei und ohne Werbung zur Verf\u00fcgung. Macht ihr letzteres mit der von Apple integrierten Podcast App &#8222;Podcasts&#8220;, m\u00fcsst ihr dort leider auf Kapitelmarken verzichten. Warum auch immer? Nutzt ihr allerdings einen anderen Podcatcher, z.B. Overcast, dann seid ihr hinsichtlich der Kapitelmarken frei in eurer Auswahl. Dort werden die Kapitelmarken, so die jeweilige Episode welche enth\u00e4lt, in beiden Feeds angezeigt.<\/span><\/p>\n<p><span style=\"font-family: courier new, courier, monospace; font-size: 14pt;\">Unabh\u00e4ngig davon, f\u00fcr welches Abo ihr euch entscheidet, immer ist euch der Dank des Verfassers dieser Zeilen gewiss.<\/span><\/p>\n<p><span style=\"font-family: courier new, courier, monospace; font-size: 14pt;\">Bei Fragen fragen.<\/span><\/p>\n<p><span style=\"font-family: courier new, courier, monospace; font-size: 14pt;\">Welchen Podcatcher ihr auch immer w\u00e4hlt, in der Regel habt ihr dort auch die M\u00f6glichkeit durch Eingabe der Feed-URL oder des Podcastnamens, hier: Vollspannradio, den gew\u00fcnschten Feed anzusteuern..<\/span><\/p>\n<p><span style=\"font-family: courier new, courier, monospace; font-size: 14pt;\">Der Podlove Subscribe Button (eh der einfachste Weg, ein Podcast-Abo schnell und kostenlos zu erwerben) verweist \u00fcbrigens automatisch auf den m4a-Feed, ja genau, der mit den Kapitelmarken.<\/span><br \/>\n<span style=\"font-family: courier new, courier, monospace; font-size: 14pt;\">Probiert es aus und habt eure Freude daran.<\/span><\/p>\n<p><span style=\"font-family: courier new, courier, monospace; font-size: 14pt;\">Beef mit Feed wird so hoffentlich der Vergangenheit angeh\u00f6ren.<\/span><br \/>\n<span style=\"font-family: courier new, courier, monospace; font-size: 14pt;\">Jetzt kann es allerdings zu Knies mit Feeds kommen.<\/span><br \/>\n<span style=\"font-family: courier new, courier, monospace; font-size: 14pt;\">Hoffen wir das Beste.<\/span><br \/>\n<span style=\"font-family: courier new, courier, monospace; font-size: 14pt;\">Beste Gr\u00fc\u00dfe<\/span><br \/>\n<span style=\"font-family: courier new, courier, monospace; font-size: 14pt;\">Dirk @vollspannradio, @spikedih<\/span><\/p>\n<p><span style=\"font-family: courier new, courier, monospace; font-size: 14pt;\">Schaut euch dazu gern zur Veranschaulichung insbesondere den Abschnitt iTunes auf der Seite Podcastverzeichnisse an.<\/span><\/p>\n<p><span style=\"font-family: courier new, courier, monospace; font-size: 14pt;\"><a href=\"http:\/\/feeds.feedburner.com\/vollspannradio\" target=\"_blank\" rel=\"noopener\">Feed ohne m4a-Kennzeichnung<\/a> (beinhaltet s\u00e4mtliche Episoden des Vollspannradios)<\/span><\/p>\n<p><span style=\"font-family: courier new, courier, monospace; font-size: 14pt;\"><a href=\"http:\/\/feeds.feedburner.com\/soundcloud\/vsr\/m4a\" target=\"_blank\" rel=\"noopener\">Feed mit &#8222;m4a&#8220;-Kennzeichnung<\/a> (beinhaltet nur die zuletzt ver\u00f6ffentlichten Episoden des Vollspannradios)<\/span><\/p>\n","protected":false},"excerpt":{"rendered":"<p>Dieser Text richtet sich insbesondere an diejenigen Vollspannradioh\u00f6rer unter euch, die den von Apple vorinstallierten Podcatcher Podcasts nutzen. Kennt ihr das, hattet ihr in der Vergangenheit auch mal Beef mit Feed? Ich meine, was tun, wenn der RSS Feed und iTunes nicht so harmonieren wie sie es eigentlich tun k\u00f6nnten. Abhilfe schaffen, schnellstm\u00f6glich. Nun bei mir hat<a class=\"moretag\" href=\"http:\/\/vollspannradio.bplaced.net\/Wordpress\/beef-mit-feed\/\"> Weiterlesen<\/a><\/p>\n","protected":false},"author":2,"featured_media":0,"parent":0,"menu_order":0,"comment_status":"closed","ping_status":"closed","template":"page-templates\/page_fullwidth.php","meta":{"footnotes":""},"class_list":["post-1279","page","type-page","status-publish","hentry"],"_links":{"self":[{"href":"http:\/\/vollspannradio.bplaced.net\/Wordpress\/wp-json\/wp\/v2\/pages\/1279","targetHints":{"allow":["GET"]}}],"collection":[{"href":"http:\/\/vollspannradio.bplaced.net\/Wordpress\/wp-json\/wp\/v2\/pages"}],"about":[{"href":"http:\/\/vollspannradio.bplaced.net\/Wordpress\/wp-json\/wp\/v2\/types\/page"}],"author":[{"embeddable":true,"href":"http:\/\/vollspannradio.bplaced.net\/Wordpress\/wp-json\/wp\/v2\/users\/2"}],"replies":[{"embeddable":true,"href":"http:\/\/vollspannradio.bplaced.net\/Wordpress\/wp-json\/wp\/v2\/comments?post=1279"}],"version-history":[{"count":10,"href":"http:\/\/vollspannradio.bplaced.net\/Wordpress\/wp-json\/wp\/v2\/pages\/1279\/revisions"}],"predecessor-version":[{"id":2914,"href":"http:\/\/vollspannradio.bplaced.net\/Wordpress\/wp-json\/wp\/v2\/pages\/1279\/revisions\/2914"}],"wp:attachment":[{"href":"http:\/\/vollspannradio.bplaced.net\/Wordpress\/wp-json\/wp\/v2\/media?parent=1279"}],"curies":[{"name":"wp","href":"https:\/\/api.w.org\/{rel}","templated":true}]}}